{"id":1110,"date":"2021-02-09T12:35:24","date_gmt":"2021-02-09T12:35:24","guid":{"rendered":"http:\/\/localhost\/replace\/contacto\/"},"modified":"2025-08-12T12:57:06","modified_gmt":"2025-08-12T12:57:06","slug":"contacto","status":"publish","type":"page","link":"https:\/\/www.replace-study.com\/es\/contacto\/","title":{"rendered":"Contacto"},"content":{"rendered":"\t\t<div data-elementor-type=\"wp-page\" data-elementor-id=\"1110\" class=\"elementor elementor-1110\" data-elementor-post-type=\"page\">\n\t\t\t\t\t\t<section class=\"elementor-section elementor-top-section elementor-element elementor-element-5cc3b815 elementor-section-stretched elementor-section-boxed elementor-section-height-default elementor-section-height-default\" data-id=\"5cc3b815\" data-element_type=\"section\" data-e-type=\"section\" data-settings=\"{&quot;stretch_section&quot;:&quot;section-stretched&quot;}\">\n\t\t\t\t\t\t<div class=\"elementor-container elementor-column-gap-no\">\n\t\t\t\t\t<div class=\"elementor-column elementor-col-100 elementor-top-column elementor-element elementor-element-797095b8\" data-id=\"797095b8\" data-element_type=\"column\" data-e-type=\"column\">\n\t\t\t<div class=\"elementor-widget-wrap elementor-element-populated\">\n\t\t\t\t\t\t<div class=\"elementor-element elementor-element-4d4d7311 elementor-widget__width-inherit elementor-widget elementor-widget-shortcode\" data-id=\"4d4d7311\" data-element_type=\"widget\" data-e-type=\"widget\" data-widget_type=\"shortcode.default\">\n\t\t\t\t<div class=\"elementor-widget-container\">\n\t\t\t\t\t\t\t<div class=\"elementor-shortcode\">\n\t\t\t\t<p class=\"rs-p-wp-fix\"><\/p>\n\t\t\t\t<sr7-module data-alias=\"Home-Slider1\" data-id=\"8\" id=\"SR7_8_1\" class=\"rs-ov-hidden\" data-version=\"6.7.54\">\n\t\t\t\t\t<sr7-adjuster><\/sr7-adjuster>\n\t\t\t\t\t<sr7-content>\n\t\t\t\t\t\t<sr7-slide id=\"SR7_8_1-2\" data-key=\"2\">\n\t\t\t\t\t\t\t<sr7-bg id=\"SR7_8_1-2-10\" class=\"sr7-layer\"><noscript><img decoding=\"async\" src=\"https:\/\/www.replace-study.com\/wp-content\/uploads\/2020\/08\/globeheader.png\" alt=\"Globe Header\" title=\"Globe Header\"><\/noscript><\/sr7-bg>\n\t\t\t\t\t\t\t<sr7-txt id=\"SR7_8_1-2-2\" class=\"sr7-layer\"><strong>REPLACE <\/strong>study<\/sr7-txt>\n\t\t\t\t\t\t\t<p id=\"SR7_8_1-2-3\" class=\"sr7-layer\"><\/p>\n\t\t\t\t\t\t\t<sr7-txt id=\"SR7_8_1-2-9\" class=\"sr7-layer\">A prospective randomized, international, multicenter, double-arm, controlled, 24-week open-label Phase IV study<\/sr7-txt>\n\t\t\t\t\t\t<\/sr7-slide>\n\t\t\t\t\t\t<sr7-slide id=\"SR7_8_1-3\" data-key=\"3\">\n\t\t\t\t\t\t\t<sr7-bg id=\"SR7_8_1-3-16\" class=\"sr7-layer\"><noscript><img decoding=\"async\" src=\"https:\/\/www.replace-study.com\/wp-content\/uploads\/2020\/08\/globeheader.png\" alt=\"Globe Header\" title=\"Globe Header\"><\/noscript><\/sr7-bg>\n\t\t\t\t\t\t\t<sr7-txt id=\"SR7_8_1-3-2\" class=\"sr7-layer\">The<strong> REPLACE <\/strong>study<\/sr7-txt>\n\t\t\t\t\t\t\t<p id=\"SR7_8_1-3-3\" class=\"sr7-layer\"><\/p>\n\t\t\t\t\t\t\t<a id=\"SR7_8_1-3-7\" class=\"sr7-layer\" href=\"https:\/\/www.thelancet.com\/journals\/lanres\/article\/PIIS2213-2600(20)30532-4\/fulltext\" target=\"_blank\" rel=\"nofollow noopener\">Click here to view the publication <i class=\"fa-chevron-right\"><\/i><\/a>\n\t\t\t\t\t\t\t<sr7-txt id=\"SR7_8_1-3-9\" class=\"sr7-layer\">is now published in <\/sr7-txt>\n\t\t\t\t\t\t\t<sr7-txt id=\"SR7_8_1-3-15\" class=\"sr7-layer\">The Lancet Respiratory Medicine<\/sr7-txt>\n\t\t\t\t\t\t<\/sr7-slide>\n\t\t\t\t\t\t<sr7-slide id=\"SR7_8_1-16\" data-key=\"16\">\n\t\t\t\t\t\t<\/sr7-slide>\n\t\t\t\t\t<\/sr7-content>\n\t\t\t\t\t<image_lists style=\"display:none\">\n\t\t\t\t\t\t<img data-src=\"\/\/www.replace-study.com\/wp-content\/uploads\/2020\/08\/rightangle.png\" data-libid=\"96\" data-lib=\"medialibrary\" alt=\"Right Angle\" title=\"Right Angle\" width=\"0\" height=\"0\" data-dbsrc=\"Ly93d3cucmVwbGFjZS1zdHVkeS5jb20vd3AtY29udGVudC91cGxvYWRzLzIwMjAvMDgvcmlnaHRhbmdsZS5wbmc=\"\/>\n\t\t\t\t\t\t<img data-src=\"\/\/www.replace-study.com\/wp-content\/uploads\/2020\/08\/globeheader.png\" data-libid=\"97\" data-lib=\"medialibrary\" alt=\"Globe Header\" title=\"Globe Header\" width=\"0\" height=\"0\" data-dbsrc=\"Ly93d3cucmVwbGFjZS1zdHVkeS5jb20vd3AtY29udGVudC91cGxvYWRzLzIwMjAvMDgvZ2xvYmVoZWFkZXIucG5n\"\/>\n\t\t\t\t\t\t<img data-src=\"\/\/www.replace-study.com\/wp-content\/uploads\/2021\/03\/REPLACE-ms-screenshot.jpg\" data-libid=\"1288\" data-lib=\"medialibrary\" title=\"REPLACE ms screenshot\" width=\"0\" height=\"0\" data-dbsrc=\"Ly93d3cucmVwbGFjZS1zdHVkeS5jb20vd3AtY29udGVudC91cGxvYWRzLzIwMjEvMDMvUkVQTEFDRS1tcy1zY3JlZW5zaG90LmpwZw==\"\/>\n\t\t\t\t\t<\/image_lists>\n\t\t\t\t<\/sr7-module>\n\t\t\t\t<script>\n\t\t\t\t\twindow.SR7 ??={};SR7.PMH ??={}; SR7.PMH[\"SR7_8_1\"] = {cn:100,state:false,fn: function() { if (window._tpt!==undefined && window._tpt.prepareModuleHeight !== undefined) {  _tpt.prepareModuleHeight({id:\"SR7_8_1\",el:[400,400,400,300,180],type:'standard',shdw:'0',gh:[400,400,400,300,180],gw:[1240,1240,1024,778,480],vpt:['-200px&#039;,&#039;-200px&#039;,&#039;-200px&#039;,&#039;-200px&#039;,&#039;-200px'],size:{fullWidth:true, fullHeight:false},mh:'0',onh:0,onw:0,bg:{color:'{\"orig\":\"transparent\",\"type\":\"solid\",\"string\":\"transparent\"}'},plType:'0',plColor:'#FFFFFF'});   SR7.PMH[\"SR7_8_1\"].state=true;} else if(SR7.PMH[\"SR7_8_1\"].cn-->0)\tsetTimeout( SR7.PMH[\"SR7_8_1\"].fn,19);}};SR7.PMH[\"SR7_8_1\" ].fn();\n\t\t\t\t<\/script>\n<\/div>\n\t\t\t\t\t\t<\/div>\n\t\t\t\t<\/div>\n\t\t\t\t\t<\/div>\n\t\t<\/div>\n\t\t\t\t\t<\/div>\n\t\t<\/section>\n\t\t\t\t<section class=\"elementor-section elementor-top-section elementor-element elementor-element-1f7ff639 elementor-section-stretched elementor-section-boxed elementor-section-height-default elementor-section-height-default\" data-id=\"1f7ff639\" data-element_type=\"section\" data-e-type=\"section\" data-settings=\"{&quot;stretch_section&quot;:&quot;section-stretched&quot;,&quot;background_background&quot;:&quot;classic&quot;}\">\n\t\t\t\t\t\t<div class=\"elementor-container elementor-column-gap-default\">\n\t\t\t\t\t<div class=\"elementor-column elementor-col-100 elementor-top-column elementor-element elementor-element-34173452\" data-id=\"34173452\" data-element_type=\"column\" data-e-type=\"column\">\n\t\t\t<div class=\"elementor-widget-wrap elementor-element-populated\">\n\t\t\t\t\t\t<section class=\"elementor-section elementor-inner-section elementor-element elementor-element-42399149 elementor-section-boxed elementor-section-height-default elementor-section-height-default\" data-id=\"42399149\" data-element_type=\"section\" data-e-type=\"section\">\n\t\t\t\t\t\t<div class=\"elementor-container elementor-column-gap-default\">\n\t\t\t\t\t<div class=\"elementor-column elementor-col-100 elementor-inner-column elementor-element elementor-element-67ea449f\" data-id=\"67ea449f\" data-element_type=\"column\" data-e-type=\"column\">\n\t\t\t<div class=\"elementor-widget-wrap elementor-element-populated\">\n\t\t\t\t\t\t<div class=\"elementor-element elementor-element-26d7bc57 elementor-widget elementor-widget-text-editor\" data-id=\"26d7bc57\" data-element_type=\"widget\" data-e-type=\"widget\" data-widget_type=\"text-editor.default\">\n\t\t\t\t<div class=\"elementor-widget-container\">\n\t\t\t\t\t\t\t\t\t<p>Por favor contactar a Merck o Bayer si tiene preguntas m\u00e9dicas:<\/p>\n\t\t\t\t\t\t\t\t<\/div>\n\t\t\t\t<\/div>\n\t\t\t\t\t<\/div>\n\t\t<\/div>\n\t\t\t\t\t<\/div>\n\t\t<\/section>\n\t\t\t\t\t<\/div>\n\t\t<\/div>\n\t\t\t\t\t<\/div>\n\t\t<\/section>\n\t\t\t\t<section class=\"elementor-section elementor-top-section elementor-element elementor-element-5614f694 elementor-section-boxed elementor-section-height-default elementor-section-height-default\" data-id=\"5614f694\" data-element_type=\"section\" data-e-type=\"section\">\n\t\t\t\t\t\t<div class=\"elementor-container elementor-column-gap-default\">\n\t\t\t\t\t<div class=\"elementor-column elementor-col-50 elementor-top-column elementor-element elementor-element-25635567\" data-id=\"25635567\" data-element_type=\"column\" data-e-type=\"column\">\n\t\t\t<div class=\"elementor-widget-wrap elementor-element-populated\">\n\t\t\t\t\t\t<div class=\"elementor-element elementor-element-55892750 elementor-widget elementor-widget-image\" data-id=\"55892750\" data-element_type=\"widget\" data-e-type=\"widget\" data-widget_type=\"image.default\">\n\t\t\t\t<div class=\"elementor-widget-container\">\n\t\t\t\t\t\t\t\t\t\t\t\t\t\t\t<img loading=\"lazy\" decoding=\"async\" width=\"300\" height=\"111\" src=\"https:\/\/www.replace-study.com\/wp-content\/uploads\/2021\/02\/MSD-LOGO-300x111.png\" class=\"attachment-medium size-medium wp-image-1002\" alt=\"\" srcset=\"https:\/\/www.replace-study.com\/wp-content\/uploads\/2021\/02\/MSD-LOGO-300x111.png 300w, https:\/\/www.replace-study.com\/wp-content\/uploads\/2021\/02\/MSD-LOGO-1024x377.png 1024w, https:\/\/www.replace-study.com\/wp-content\/uploads\/2021\/02\/MSD-LOGO-768x283.png 768w, https:\/\/www.replace-study.com\/wp-content\/uploads\/2021\/02\/MSD-LOGO.png 1522w\" sizes=\"(max-width: 300px) 100vw, 300px\" \/>\t\t\t\t\t\t\t\t\t\t\t\t\t\t\t<\/div>\n\t\t\t\t<\/div>\n\t\t\t\t<div class=\"elementor-element elementor-element-67b5d172 elementor-widget elementor-widget-text-editor\" data-id=\"67b5d172\" data-element_type=\"widget\" data-e-type=\"widget\" data-widget_type=\"text-editor.default\">\n\t\t\t\t<div class=\"elementor-widget-container\">\n\t\t\t\t\t\t\t\t\t<p>Merck Sharp &amp; Dohme Corp., subsidiaria de Merck &amp; Co., Inc.<\/p>\n<p>2000 Galloping Hill Road<br \/>Kenilworth, <br \/>NJ 07033 U.S.A.<\/p>\n<p>Tel\u00e9fono: +1 908 740 4000<\/p>\n\t\t\t\t\t\t\t\t<\/div>\n\t\t\t\t<\/div>\n\t\t\t\t\t<\/div>\n\t\t<\/div>\n\t\t\t\t<div class=\"elementor-column elementor-col-50 elementor-top-column elementor-element elementor-element-72cd96b7\" data-id=\"72cd96b7\" data-element_type=\"column\" data-e-type=\"column\">\n\t\t\t<div class=\"elementor-widget-wrap elementor-element-populated\">\n\t\t\t\t\t\t<div class=\"elementor-element elementor-element-67ccd9e3 elementor-widget elementor-widget-image\" data-id=\"67ccd9e3\" data-element_type=\"widget\" data-e-type=\"widget\" data-widget_type=\"image.default\">\n\t\t\t\t<div class=\"elementor-widget-container\">\n\t\t\t\t\t\t\t\t\t\t\t\t\t\t\t<img loading=\"lazy\" decoding=\"async\" width=\"300\" height=\"169\" src=\"https:\/\/www.replace-study.com\/wp-content\/uploads\/2021\/02\/bayerlogo-300x169.png\" class=\"attachment-medium size-medium wp-image-1004\" alt=\"\" srcset=\"https:\/\/www.replace-study.com\/wp-content\/uploads\/2021\/02\/bayerlogo-300x169.png 300w, https:\/\/www.replace-study.com\/wp-content\/uploads\/2021\/02\/bayerlogo-1024x576.png 1024w, https:\/\/www.replace-study.com\/wp-content\/uploads\/2021\/02\/bayerlogo-768x432.png 768w, https:\/\/www.replace-study.com\/wp-content\/uploads\/2021\/02\/bayerlogo.png 1280w\" sizes=\"(max-width: 300px) 100vw, 300px\" \/>\t\t\t\t\t\t\t\t\t\t\t\t\t\t\t<\/div>\n\t\t\t\t<\/div>\n\t\t\t\t<div class=\"elementor-element elementor-element-19b2ea04 elementor-widget elementor-widget-text-editor\" data-id=\"19b2ea04\" data-element_type=\"widget\" data-e-type=\"widget\" data-widget_type=\"text-editor.default\">\n\t\t\t\t<div class=\"elementor-widget-container\">\n\t\t\t\t\t\t\t\t\t<p>Bayer S.A. \u2014 PACA (Pa\u00edses Andinos, Centro Am\u00e9rica y El Caribe<br \/>\nAv. Am\u00e9ricas No. 57\u201452<br \/>\nBogot\u00e1, Colombia<\/p>\n<p>Tel\u00e9fono: +57 (1) 4142277<\/p>\n<p>E-mail: datospersonales.paca@bayer.com<\/p>\n<p>Web:<a href=\"https:\/\/www.bayer.com\/es\/co\/andina-y-cac-contacto\">https<\/a><a href=\"https:\/\/www.bayer.com\/es\/co\/andina-y-cac-contacto\">:\/\/www.bayer.com\/es\/co\/andina-y-cac-contacto<\/a><\/p>\n<p>Si desea informar o reportar un efecto adverso o una queja de calidad asociada a un producto Bayer, por favor, p\u00f3ngase en contacto con su m\u00e9dico o profesional de la salud y\/o dirija sus comentarios haciendo clic\u00a0<a href=\"https:\/\/www.bayer.com\/es\/co\/andina-y-cac-home\">aqu\u00ed<\/a>.<\/p>\n\t\t\t\t\t\t\t\t<\/div>\n\t\t\t\t<\/div>\n\t\t\t\t\t<\/div>\n\t\t<\/div>\n\t\t\t\t\t<\/div>\n\t\t<\/section>\n\t\t\t\t<\/div>\n\t\t","protected":false},"excerpt":{"rendered":"<p>Por favor contactar a Merck o Bayer si tiene preguntas m\u00e9dicas: Merck Sharp &amp; Dohme Corp., subsidiaria de Merck &amp; Co., Inc. 2000 Galloping Hill RoadKenilworth, NJ 07033 U.S.A. Tel\u00e9fono: +1 908 740 4000 Bayer S.A. \u2014 PACA (Pa\u00edses Andinos, Centro Am\u00e9rica y El Caribe Av. Am\u00e9ricas No. 57\u201452 Bogot\u00e1, Colombia Tel\u00e9fono: +57 (1) 4142277 &#8230; <a title=\"Contacto\" class=\"read-more\" href=\"https:\/\/www.replace-study.com\/es\/contacto\/\" aria-label=\"Leer m\u00e1s sobre Contacto\">Leer m\u00e1s<\/a><\/p>\n","protected":false},"author":1,"featured_media":0,"parent":0,"menu_order":0,"comment_status":"closed","ping_status":"closed","template":"","meta":{"footnotes":""},"class_list":["post-1110","page","type-page","status-publish"],"yoast_head":"<!-- This site is optimized with the Yoast SEO plugin v27.5 - https:\/\/yoast.com\/product\/yoast-seo-wordpress\/ -->\n<title>Contacto - The REPLACE study<\/title>\n<meta name=\"robots\" content=\"index, follow, max-snippet:-1, max-image-preview:large, max-video-preview:-1\" \/>\n<link rel=\"canonical\" href=\"https:\/\/www.replace-study.com\/es\/contact\/\" \/>\n<meta property=\"og:locale\" content=\"es_ES\" \/>\n<meta property=\"og:type\" content=\"article\" \/>\n<meta property=\"og:title\" content=\"Contacto - The REPLACE study\" \/>\n<meta property=\"og:description\" content=\"Por favor contactar a Merck o Bayer si tiene preguntas m\u00e9dicas: Merck Sharp &amp; Dohme Corp., subsidiaria de Merck &amp; Co., Inc. 2000 Galloping Hill RoadKenilworth, NJ 07033 U.S.A. Tel\u00e9fono: +1 908 740 4000 Bayer S.A. \u2014 PACA (Pa\u00edses Andinos, Centro Am\u00e9rica y El Caribe Av. Am\u00e9ricas No. 57\u201452 Bogot\u00e1, Colombia Tel\u00e9fono: +57 (1) 4142277 ... Leer m\u00e1s\" \/>\n<meta property=\"og:url\" content=\"https:\/\/www.replace-study.com\/contact\/\" \/>\n<meta property=\"og:site_name\" content=\"The REPLACE study\" \/>\n<meta property=\"article:modified_time\" content=\"2025-08-12T12:57:06+00:00\" \/>\n<meta property=\"og:image\" content=\"https:\/\/www.replace-study.com\/wp-content\/uploads\/2021\/02\/MSD-LOGO-300x111.png\" \/>\n<meta name=\"twitter:card\" content=\"summary_large_image\" \/>\n<meta name=\"twitter:label1\" content=\"Tiempo de lectura\" \/>\n\t<meta name=\"twitter:data1\" content=\"1 minuto\" \/>\n<script type=\"application\/ld+json\" class=\"yoast-schema-graph\">{\"@context\":\"https:\\\/\\\/schema.org\",\"@graph\":[{\"@type\":\"WebPage\",\"@id\":\"https:\\\/\\\/www.replace-study.com\\\/contact\\\/\",\"url\":\"https:\\\/\\\/www.replace-study.com\\\/contact\\\/\",\"name\":\"Contacto - The REPLACE study\",\"isPartOf\":{\"@id\":\"https:\\\/\\\/www.replace-study.com\\\/#website\"},\"primaryImageOfPage\":{\"@id\":\"https:\\\/\\\/www.replace-study.com\\\/contact\\\/#primaryimage\"},\"image\":{\"@id\":\"https:\\\/\\\/www.replace-study.com\\\/contact\\\/#primaryimage\"},\"thumbnailUrl\":\"https:\\\/\\\/www.replace-study.com\\\/wp-content\\\/uploads\\\/2021\\\/02\\\/MSD-LOGO-300x111.png\",\"datePublished\":\"2021-02-09T12:35:24+00:00\",\"dateModified\":\"2025-08-12T12:57:06+00:00\",\"breadcrumb\":{\"@id\":\"https:\\\/\\\/www.replace-study.com\\\/contact\\\/#breadcrumb\"},\"inLanguage\":\"es\",\"potentialAction\":[{\"@type\":\"ReadAction\",\"target\":[\"https:\\\/\\\/www.replace-study.com\\\/contact\\\/\"]}]},{\"@type\":\"ImageObject\",\"inLanguage\":\"es\",\"@id\":\"https:\\\/\\\/www.replace-study.com\\\/contact\\\/#primaryimage\",\"url\":\"https:\\\/\\\/www.replace-study.com\\\/wp-content\\\/uploads\\\/2021\\\/02\\\/MSD-LOGO-300x111.png\",\"contentUrl\":\"https:\\\/\\\/www.replace-study.com\\\/wp-content\\\/uploads\\\/2021\\\/02\\\/MSD-LOGO-300x111.png\"},{\"@type\":\"BreadcrumbList\",\"@id\":\"https:\\\/\\\/www.replace-study.com\\\/contact\\\/#breadcrumb\",\"itemListElement\":[{\"@type\":\"ListItem\",\"position\":1,\"name\":\"Home\",\"item\":\"https:\\\/\\\/www.replace-study.com\\\/\"},{\"@type\":\"ListItem\",\"position\":2,\"name\":\"Contacto\"}]},{\"@type\":\"WebSite\",\"@id\":\"https:\\\/\\\/www.replace-study.com\\\/#website\",\"url\":\"https:\\\/\\\/www.replace-study.com\\\/\",\"name\":\"The REPLACE study\",\"description\":\"\",\"publisher\":{\"@id\":\"https:\\\/\\\/www.replace-study.com\\\/#organization\"},\"potentialAction\":[{\"@type\":\"SearchAction\",\"target\":{\"@type\":\"EntryPoint\",\"urlTemplate\":\"https:\\\/\\\/www.replace-study.com\\\/?s={search_term_string}\"},\"query-input\":{\"@type\":\"PropertyValueSpecification\",\"valueRequired\":true,\"valueName\":\"search_term_string\"}}],\"inLanguage\":\"es\"},{\"@type\":\"Organization\",\"@id\":\"https:\\\/\\\/www.replace-study.com\\\/#organization\",\"name\":\"The REPLACE study\",\"url\":\"https:\\\/\\\/www.replace-study.com\\\/\",\"logo\":{\"@type\":\"ImageObject\",\"inLanguage\":\"es\",\"@id\":\"https:\\\/\\\/www.replace-study.com\\\/#\\\/schema\\\/logo\\\/image\\\/\",\"url\":\"https:\\\/\\\/www.replace-study.com\\\/wp-content\\\/uploads\\\/2020\\\/08\\\/Logo-2.png\",\"contentUrl\":\"https:\\\/\\\/www.replace-study.com\\\/wp-content\\\/uploads\\\/2020\\\/08\\\/Logo-2.png\",\"width\":286,\"height\":100,\"caption\":\"The REPLACE study\"},\"image\":{\"@id\":\"https:\\\/\\\/www.replace-study.com\\\/#\\\/schema\\\/logo\\\/image\\\/\"}}]}<\/script>\n<!-- \/ Yoast SEO plugin. -->","yoast_head_json":{"title":"Contacto - The REPLACE study","robots":{"index":"index","follow":"follow","max-snippet":"max-snippet:-1","max-image-preview":"max-image-preview:large","max-video-preview":"max-video-preview:-1"},"canonical":"https:\/\/www.replace-study.com\/es\/contact\/","og_locale":"es_ES","og_type":"article","og_title":"Contacto - The REPLACE study","og_description":"Por favor contactar a Merck o Bayer si tiene preguntas m\u00e9dicas: Merck Sharp &amp; Dohme Corp., subsidiaria de Merck &amp; Co., Inc. 2000 Galloping Hill RoadKenilworth, NJ 07033 U.S.A. Tel\u00e9fono: +1 908 740 4000 Bayer S.A. \u2014 PACA (Pa\u00edses Andinos, Centro Am\u00e9rica y El Caribe Av. Am\u00e9ricas No. 57\u201452 Bogot\u00e1, Colombia Tel\u00e9fono: +57 (1) 4142277 ... Leer m\u00e1s","og_url":"https:\/\/www.replace-study.com\/contact\/","og_site_name":"The REPLACE study","article_modified_time":"2025-08-12T12:57:06+00:00","og_image":[{"url":"https:\/\/www.replace-study.com\/wp-content\/uploads\/2021\/02\/MSD-LOGO-300x111.png","type":"","width":"","height":""}],"twitter_card":"summary_large_image","twitter_misc":{"Tiempo de lectura":"1 minuto"},"schema":{"@context":"https:\/\/schema.org","@graph":[{"@type":"WebPage","@id":"https:\/\/www.replace-study.com\/contact\/","url":"https:\/\/www.replace-study.com\/contact\/","name":"Contacto - The REPLACE study","isPartOf":{"@id":"https:\/\/www.replace-study.com\/#website"},"primaryImageOfPage":{"@id":"https:\/\/www.replace-study.com\/contact\/#primaryimage"},"image":{"@id":"https:\/\/www.replace-study.com\/contact\/#primaryimage"},"thumbnailUrl":"https:\/\/www.replace-study.com\/wp-content\/uploads\/2021\/02\/MSD-LOGO-300x111.png","datePublished":"2021-02-09T12:35:24+00:00","dateModified":"2025-08-12T12:57:06+00:00","breadcrumb":{"@id":"https:\/\/www.replace-study.com\/contact\/#breadcrumb"},"inLanguage":"es","potentialAction":[{"@type":"ReadAction","target":["https:\/\/www.replace-study.com\/contact\/"]}]},{"@type":"ImageObject","inLanguage":"es","@id":"https:\/\/www.replace-study.com\/contact\/#primaryimage","url":"https:\/\/www.replace-study.com\/wp-content\/uploads\/2021\/02\/MSD-LOGO-300x111.png","contentUrl":"https:\/\/www.replace-study.com\/wp-content\/uploads\/2021\/02\/MSD-LOGO-300x111.png"},{"@type":"BreadcrumbList","@id":"https:\/\/www.replace-study.com\/contact\/#breadcrumb","itemListElement":[{"@type":"ListItem","position":1,"name":"Home","item":"https:\/\/www.replace-study.com\/"},{"@type":"ListItem","position":2,"name":"Contacto"}]},{"@type":"WebSite","@id":"https:\/\/www.replace-study.com\/#website","url":"https:\/\/www.replace-study.com\/","name":"The REPLACE study","description":"","publisher":{"@id":"https:\/\/www.replace-study.com\/#organization"},"potentialAction":[{"@type":"SearchAction","target":{"@type":"EntryPoint","urlTemplate":"https:\/\/www.replace-study.com\/?s={search_term_string}"},"query-input":{"@type":"PropertyValueSpecification","valueRequired":true,"valueName":"search_term_string"}}],"inLanguage":"es"},{"@type":"Organization","@id":"https:\/\/www.replace-study.com\/#organization","name":"The REPLACE study","url":"https:\/\/www.replace-study.com\/","logo":{"@type":"ImageObject","inLanguage":"es","@id":"https:\/\/www.replace-study.com\/#\/schema\/logo\/image\/","url":"https:\/\/www.replace-study.com\/wp-content\/uploads\/2020\/08\/Logo-2.png","contentUrl":"https:\/\/www.replace-study.com\/wp-content\/uploads\/2020\/08\/Logo-2.png","width":286,"height":100,"caption":"The REPLACE study"},"image":{"@id":"https:\/\/www.replace-study.com\/#\/schema\/logo\/image\/"}}]}},"_links":{"self":[{"href":"https:\/\/www.replace-study.com\/es\/wp-json\/wp\/v2\/pages\/1110","targetHints":{"allow":["GET"]}}],"collection":[{"href":"https:\/\/www.replace-study.com\/es\/wp-json\/wp\/v2\/pages"}],"about":[{"href":"https:\/\/www.replace-study.com\/es\/wp-json\/wp\/v2\/types\/page"}],"author":[{"embeddable":true,"href":"https:\/\/www.replace-study.com\/es\/wp-json\/wp\/v2\/users\/1"}],"replies":[{"embeddable":true,"href":"https:\/\/www.replace-study.com\/es\/wp-json\/wp\/v2\/comments?post=1110"}],"version-history":[{"count":0,"href":"https:\/\/www.replace-study.com\/es\/wp-json\/wp\/v2\/pages\/1110\/revisions"}],"wp:attachment":[{"href":"https:\/\/www.replace-study.com\/es\/wp-json\/wp\/v2\/media?parent=1110"}],"curies":[{"name":"wp","href":"https:\/\/api.w.org\/{rel}","templated":true}]}}